{"id":1505,"date":"2023-09-14T10:14:58","date_gmt":"2023-09-14T10:14:58","guid":{"rendered":"https:\/\/godding.draft-box.de\/?page_id=1505"},"modified":"2023-09-14T21:01:21","modified_gmt":"2023-09-14T21:01:21","slug":"sicherheitstechnik","status":"publish","type":"page","link":"https:\/\/godding.draft-box.de\/index.php\/sicherheitstechnik\/","title":{"rendered":"Sicherheitstechnik"},"content":{"rendered":"<section class=\"wpb-content-wrapper\"><p>[vc_row type=&#8220;vc_default&#8220; full_width=&#8220;stretch_row&#8220; css=&#8220;.vc_custom_1694686386057{padding-top: 3% !important;padding-bottom: 3% !important;}&#8220;][vc_column]<div id=\"ultimate-heading-392169f17a2110812\" class=\"uvc-heading ult-adjust-bottom-margin ultimate-heading-392169f17a2110812 uvc-7196 \" data-hspacer=\"no_spacer\"  data-halign=\"center\" style=\"text-align:center\"><div class=\"uvc-heading-spacer no_spacer\" style=\"top\"><\/div><div class=\"uvc-main-heading ult-responsive\"  data-ultimate-target='.uvc-heading.ultimate-heading-392169f17a2110812 h2'  data-responsive-json-new='{\"font-size\":\"desktop:28px;\",\"line-height\":\"desktop:26px;\"}' ><h2 style=\"font-weight:bold;color:#8f0000;margin-bottom:15px;\">Einbruchschutz f\u00fcr jeden Zweck<\/h2><\/div><\/div>[vc_column_text]<\/p>\n<p style=\"text-align: center;\">Ob Wohnung, Haus oder Industriebetrieb \u2013 wir liefern den passenden Einbruchschutz, Sicherung von Rettungswegen und Brandschutz \u2013 damit Sie und Ihre Wertgegenst\u00e4nde sicher sind.<\/p>\n<p style=\"text-align: center;\"><strong>Sie erhalten bei uns mechanische Sicherungen f\u00fcr alle Arten von T\u00fcren und Fenster. Egal ob einfacher Schubriegel f\u00fcr Zusatzschl\u00f6sser, Querriegel oder Mehrfachverriegelungsschl\u00f6sser.<\/strong><\/p>\n<p>[\/vc_column_text][\/vc_column][\/vc_row][vc_row type=&#8220;vc_default&#8220; full_width=&#8220;stretch_row&#8220; css=&#8220;.vc_custom_1694688755362{padding-top: 4% !important;padding-bottom: 5% !important;background-color: #f4f4f4 !important;}&#8220;][vc_column width=&#8220;1\/2&#8243;]<div id=\"ultimate-heading-110869f17a2110900\" class=\"uvc-heading ult-adjust-bottom-margin ultimate-heading-110869f17a2110900 uvc-4103 \" data-hspacer=\"no_spacer\"  data-halign=\"left\" style=\"text-align:left\"><div class=\"uvc-heading-spacer no_spacer\" style=\"top\"><\/div><div class=\"uvc-main-heading ult-responsive\"  data-ultimate-target='.uvc-heading.ultimate-heading-110869f17a2110900 h2'  data-responsive-json-new='{\"font-size\":\"desktop:28px;\",\"line-height\":\"desktop:26px;\"}' ><h2 style=\"font-weight:bold;color:#8f0000;margin-bottom:15px;\">Absicherung \u2013 bevor es zu sp\u00e4t ist!<\/h2><\/div><\/div>[vc_column_text]Entgegen der verbreiteten Annahme, dass nur Einfamilienh\u00e4user potenziellen Einbrechern ausgeliefert sind, besteht auch l\u00e4ngst in Wohnung ein hohes Einbruchsrisiko. Denn auch vor der dritten oder vierten Etage machen Diebe keinen Halt. Im Gegenteil \u2013 sie nutzen die fehlenden Absicherungen von T\u00fcren und Fenster nur allzu gern.<\/p>\n<p>Deshalb unterst\u00fctzen wir Sie als Ihr Sicherheitsspezialist in Aachen mit intelligenter Sicherheitstechnik und einer ausf\u00fchrlichen Beratung \u2013 egal ob Sie in einem Einfamilien- oder Mehrfamilienhaus wohnen oder Ihre Gesch\u00e4ftsr\u00e4ume sch\u00fctzen m\u00f6chten. Wir ermitteln die Schwachstellen an Eingangst\u00fcr, Fenstern, Balkon- und Terrassent\u00fcren, Kellerfenstern und Lichtsch\u00e4chten und installieren Ihnen ein zuverl\u00e4ssiges Sicherheitskonzept.[\/vc_column_text][\/vc_column][vc_column width=&#8220;1\/2&#8243;][vc_single_image image=&#8220;1671&#8243; img_size=&#8220;full&#8220;][\/vc_column][\/vc_row][vc_row type=&#8220;vc_default&#8220; full_width=&#8220;stretch_row&#8220; css=&#8220;.vc_custom_1694688771619{padding-top: 5% !important;padding-bottom: 7% !important;}&#8220;][vc_column]<div id=\"ultimate-heading-196369f17a2110996\" class=\"uvc-heading ult-adjust-bottom-margin ultimate-heading-196369f17a2110996 uvc-1632 \" data-hspacer=\"no_spacer\"  data-halign=\"left\" style=\"text-align:left\"><div class=\"uvc-heading-spacer no_spacer\" style=\"top\"><\/div><div class=\"uvc-main-heading ult-responsive\"  data-ultimate-target='.uvc-heading.ultimate-heading-196369f17a2110996 h2'  data-responsive-json-new='{\"font-size\":\"desktop:28px;\",\"line-height\":\"desktop:26px;\"}' ><h2 style=\"font-weight:bold;color:#8f0000;margin-bottom:15px;\">Hersteller denen wir vertrauen<\/h2><\/div><\/div><style type=\"text\/css\" data-type=\"the7_shortcodes-inline-css\">.gallery-carousel-shortcode.gallery-carousel-shortcode-id-d48797db40cf42b343be0eeffed87149 .owl-nav a {\n  width: 36px;\n  height: 36px;\n  border-radius: 500px;\n}\n.dt-arrow-border-on.gallery-carousel-shortcode.gallery-carousel-shortcode-id-d48797db40cf42b343be0eeffed87149 .owl-nav a:not(:hover):before {\n  border-width: 0px;\n}\n.dt-arrow-hover-border-on.gallery-carousel-shortcode.gallery-carousel-shortcode-id-d48797db40cf42b343be0eeffed87149 .owl-nav a:hover:after {\n  border-width: 0px;\n}\n.gallery-carousel-shortcode.gallery-carousel-shortcode-id-d48797db40cf42b343be0eeffed87149 .owl-nav a.owl-prev {\n  top: 50%;\n  transform: translateY(calc(-50% + 0px));\n  left: -43px;\n}\n@media all and (-ms-high-contrast: none) {\n  .gallery-carousel-shortcode.gallery-carousel-shortcode-id-d48797db40cf42b343be0eeffed87149 .owl-nav a.owl-prev {\n    transform: translateY(-50%);\n    margin-top: 0px;\n  }\n}\n.gallery-carousel-shortcode.gallery-carousel-shortcode-id-d48797db40cf42b343be0eeffed87149 .owl-nav a.owl-prev i {\n  padding: 0px 0px 0px 0px;\n}\n.gallery-carousel-shortcode.gallery-carousel-shortcode-id-d48797db40cf42b343be0eeffed87149 .owl-nav a.owl-next {\n  top: 50%;\n  transform: translateY(calc(-50% + 0px));\n  right: -43px;\n}\n@media all and (-ms-high-contrast: none) {\n  .gallery-carousel-shortcode.gallery-carousel-shortcode-id-d48797db40cf42b343be0eeffed87149 .owl-nav a.owl-next {\n    transform: translateY(-50%);\n    margin-top: 0px;\n  }\n}\n.gallery-carousel-shortcode.gallery-carousel-shortcode-id-d48797db40cf42b343be0eeffed87149 .owl-nav a.owl-next i {\n  padding: 0px 0px 0px 0px;\n}\n.gallery-carousel-shortcode.gallery-carousel-shortcode-id-d48797db40cf42b343be0eeffed87149 .owl-nav i {\n  font-size: 18px;\n}\n.gallery-carousel-shortcode.gallery-carousel-shortcode-id-d48797db40cf42b343be0eeffed87149 .owl-nav a:not(:hover) i,\n.gallery-carousel-shortcode.gallery-carousel-shortcode-id-d48797db40cf42b343be0eeffed87149 .owl-nav a:not(:hover) i:before {\n  color: #ffffff;\n  background: none;\n}\n.gallery-carousel-shortcode.gallery-carousel-shortcode-id-d48797db40cf42b343be0eeffed87149 .owl-nav a:hover i,\n.gallery-carousel-shortcode.gallery-carousel-shortcode-id-d48797db40cf42b343be0eeffed87149 .owl-nav a:hover i:before {\n  color: rgba(255,255,255,0.75);\n  background: none;\n}\n.gallery-carousel-shortcode.gallery-carousel-shortcode-id-d48797db40cf42b343be0eeffed87149 .owl-dots {\n  top: calc(100% + 20px);\n  left: 50%;\n  transform: translateX(calc(-50% + 0px));\n}\n@media all and (-ms-high-contrast: none) {\n  .gallery-carousel-shortcode.gallery-carousel-shortcode-id-d48797db40cf42b343be0eeffed87149 .owl-dots {\n    transform: translateX(-50%);\n    margin-left: 0px;\n  }\n}\n.gallery-carousel-shortcode.gallery-carousel-shortcode-id-d48797db40cf42b343be0eeffed87149 .owl-dot {\n  width: 10px;\n  height: 10px;\n  margin: 0 8px;\n}\n@media screen and (max-width: 778px) {\n  .gallery-carousel-shortcode.gallery-carousel-shortcode-id-d48797db40cf42b343be0eeffed87149.hide-arrows .owl-nav a {\n    display: none;\n  }\n}\n@media screen and (max-width: 778px) {\n  .gallery-carousel-shortcode.gallery-carousel-shortcode-id-d48797db40cf42b343be0eeffed87149.reposition-arrows .owl-nav .owl-prev {\n    top: 50%;\n    transform: translateY(calc(-50% + 0px));\n    left: 10px;\n  }\n  .gallery-carousel-shortcode.gallery-carousel-shortcode-id-d48797db40cf42b343be0eeffed87149.reposition-arrows .owl-nav .owl-next {\n    top: 50%;\n    transform: translateY(calc(-50% + 0px));\n    right: 10px;\n  }\n}\n@media screen and (max-width: 778px) and all and (-ms-high-contrast: none) {\n  .gallery-carousel-shortcode.gallery-carousel-shortcode-id-d48797db40cf42b343be0eeffed87149.reposition-arrows .owl-nav .owl-prev {\n    transform: translateY(-50%);\n    margin-top: 0px;\n  }\n}\n@media screen and (max-width: 778px) and all and (-ms-high-contrast: none) {\n  .gallery-carousel-shortcode.gallery-carousel-shortcode-id-d48797db40cf42b343be0eeffed87149.reposition-arrows .owl-nav .owl-next {\n    transform: translateY(-50%);\n    margin-top: 0px;\n  }\n}\n.gallery-carousel-shortcode.gallery-carousel-shortcode-id-d48797db40cf42b343be0eeffed87149 figure,\n.gallery-carousel-shortcode.gallery-carousel-shortcode-id-d48797db40cf42b343be0eeffed87149 .rollover,\n.gallery-carousel-shortcode.gallery-carousel-shortcode-id-d48797db40cf42b343be0eeffed87149 img,\n.gallery-carousel-shortcode.gallery-carousel-shortcode-id-d48797db40cf42b343be0eeffed87149 .gallery-rollover {\n  border-radius: 0px;\n}\n.gallery-carousel-shortcode.gallery-carousel-shortcode-id-d48797db40cf42b343be0eeffed87149.enable-bg-rollover .gallery-rollover {\n  background: -webkit-linear-gradient();\n  background: linear-gradient();\n}\n.gallery-carousel-shortcode.gallery-carousel-shortcode-id-d48797db40cf42b343be0eeffed87149.enable-img-shadow .owl-stage-outer {\n  padding: 14px 0;\n}\n.gallery-carousel-shortcode.gallery-carousel-shortcode-id-d48797db40cf42b343be0eeffed87149.enable-bg-rollover.hover-scale figure .rollover:after {\n  background: -webkit-linear-gradient();\n  background: linear-gradient();\n}\n.gallery-carousel-shortcode.gallery-carousel-shortcode-id-d48797db40cf42b343be0eeffed87149.gallery-shortcode .gallery-zoom-ico {\n  width: 44px;\n  height: 44px;\n  line-height: 44px;\n  border-radius: 100px;\n  margin: -22px 0 0 -22px;\n  border-width: 0px;\n}\n.dt-icon-bg-on.gallery-carousel-shortcode.gallery-carousel-shortcode-id-d48797db40cf42b343be0eeffed87149.gallery-shortcode .gallery-zoom-ico {\n  background: rgba(255,255,255,0.3);\n  box-shadow: none;\n}\n.gallery-carousel-shortcode.gallery-carousel-shortcode-id-d48797db40cf42b343be0eeffed87149.gallery-shortcode .gallery-zoom-ico:before,\n.gallery-carousel-shortcode.gallery-carousel-shortcode-id-d48797db40cf42b343be0eeffed87149.gallery-shortcode .gallery-zoom-ico span {\n  font-size: 32px;\n  line-height: 44px;\n  color: #ffffff;\n  background: none;\n}\n<\/style><div class=\"owl-carousel gallery-carousel-shortcode gallery-shortcode  dt-gallery-container dt-owl-carousel-call gallery-carousel-shortcode-id-d48797db40cf42b343be0eeffed87149 quick-scale-img enable-bg-rollover meta-info-off dt-arrow-border-on dt-arrow-hover-border-on bullets-small-dot-stroke reposition-arrows dt-icon-bg-off arrows-bg-on disable-arrows-hover-bg arrows-hover-bg-on  hover-fade \" data-scroll-mode=\"1\" data-col-num=\"4\" data-wide-col-num=\"4\" data-laptop-col=\"4\" data-h-tablet-columns-num=\"4\" data-v-tablet-columns-num=\"3\" data-phone-columns-num=\"1\" data-col-gap=\"10\" data-stage-padding=\"0\" data-speed=\"600\" data-autoplay=\"true\" data-autoplay_speed=\"4000\" data-arrows=\"true\" data-bullet=\"false\" data-next-icon=\"icon-ar-017-r\" data-prev-icon=\"icon-ar-017-l\" data-img-shadow-size=\"12px\" data-img-shadow-spread=\"3px\"><div data-post-id=\"1509\" data-date=\"2023-09-14T10:48:51+00:00\" data-name=\"geze\"><figure class=\"post\"><a href=\"https:\/\/godding.draft-box.de\/wp-content\/uploads\/2023\/09\/geze.jpg\" class=\"rollover dt-pswp-item layzr-bg\" data-large_image_width=\"400\" data-large_image_height=\"400\" data-dt-img-description=\"\" title=\"geze\"><img class=\"preload-me owl-lazy-load aspect\" src=\"data:image\/svg+xml,%3Csvg%20xmlns%3D&#39;http%3A%2F%2Fwww.w3.org%2F2000%2Fsvg&#39;%20viewBox%3D&#39;0%200%20400%20400&#39;%2F%3E\" data-src=\"https:\/\/godding.draft-box.de\/wp-content\/uploads\/2023\/09\/geze.jpg\" data-srcset=\"https:\/\/godding.draft-box.de\/wp-content\/uploads\/2023\/09\/geze.jpg 400w\" loading=\"eager\" style=\"--ratio: 400 \/ 400\" sizes=\"(max-width: 400px) 100vw, 400px\" alt=\"\" width=\"400\" height=\"400\"  \/><span class=\"gallery-rollover\"><span class=\"gallery-zoom-ico icomoon-the7-font-the7-zoom-06\"><span><\/span><\/span><\/span><\/a><\/figure><\/div><div data-post-id=\"1510\" data-date=\"2023-09-14T10:48:51+00:00\" data-name=\"abus\"><figure class=\"post\"><a href=\"https:\/\/godding.draft-box.de\/wp-content\/uploads\/2023\/09\/abus.jpg\" class=\"rollover dt-pswp-item layzr-bg\" data-large_image_width=\"400\" data-large_image_height=\"400\" data-dt-img-description=\"\" title=\"abus\"><img class=\"preload-me owl-lazy-load aspect\" src=\"data:image\/svg+xml,%3Csvg%20xmlns%3D&#39;http%3A%2F%2Fwww.w3.org%2F2000%2Fsvg&#39;%20viewBox%3D&#39;0%200%20400%20400&#39;%2F%3E\" data-src=\"https:\/\/godding.draft-box.de\/wp-content\/uploads\/2023\/09\/abus.jpg\" data-srcset=\"https:\/\/godding.draft-box.de\/wp-content\/uploads\/2023\/09\/abus.jpg 400w\" loading=\"eager\" style=\"--ratio: 400 \/ 400\" sizes=\"(max-width: 400px) 100vw, 400px\" alt=\"\" width=\"400\" height=\"400\"  \/><span class=\"gallery-rollover\"><span class=\"gallery-zoom-ico icomoon-the7-font-the7-zoom-06\"><span><\/span><\/span><\/span><\/a><\/figure><\/div><div data-post-id=\"1511\" data-date=\"2023-09-14T10:48:51+00:00\" data-name=\"burg-w\u00e4chter\"><figure class=\"post\"><a href=\"https:\/\/godding.draft-box.de\/wp-content\/uploads\/2023\/09\/burg-waechter.jpg\" class=\"rollover dt-pswp-item layzr-bg\" data-large_image_width=\"400\" data-large_image_height=\"400\" data-dt-img-description=\"\" title=\"burg-w\u00e4chter\"><img class=\"preload-me owl-lazy-load aspect\" src=\"data:image\/svg+xml,%3Csvg%20xmlns%3D&#39;http%3A%2F%2Fwww.w3.org%2F2000%2Fsvg&#39;%20viewBox%3D&#39;0%200%20400%20400&#39;%2F%3E\" data-src=\"https:\/\/godding.draft-box.de\/wp-content\/uploads\/2023\/09\/burg-waechter.jpg\" data-srcset=\"https:\/\/godding.draft-box.de\/wp-content\/uploads\/2023\/09\/burg-waechter.jpg 400w\" loading=\"eager\" style=\"--ratio: 400 \/ 400\" sizes=\"(max-width: 400px) 100vw, 400px\" alt=\"\" width=\"400\" height=\"400\"  \/><span class=\"gallery-rollover\"><span class=\"gallery-zoom-ico icomoon-the7-font-the7-zoom-06\"><span><\/span><\/span><\/span><\/a><\/figure><\/div><div data-post-id=\"1512\" data-date=\"2023-09-14T10:48:51+00:00\" data-name=\"dorma\"><figure class=\"post\"><a href=\"https:\/\/godding.draft-box.de\/wp-content\/uploads\/2023\/09\/dorma.jpg\" class=\"rollover dt-pswp-item layzr-bg\" data-large_image_width=\"400\" data-large_image_height=\"400\" data-dt-img-description=\"\" title=\"dorma\"><img class=\"preload-me owl-lazy-load aspect\" src=\"data:image\/svg+xml,%3Csvg%20xmlns%3D&#39;http%3A%2F%2Fwww.w3.org%2F2000%2Fsvg&#39;%20viewBox%3D&#39;0%200%20400%20400&#39;%2F%3E\" data-src=\"https:\/\/godding.draft-box.de\/wp-content\/uploads\/2023\/09\/dorma.jpg\" data-srcset=\"https:\/\/godding.draft-box.de\/wp-content\/uploads\/2023\/09\/dorma.jpg 400w\" loading=\"eager\" style=\"--ratio: 400 \/ 400\" sizes=\"(max-width: 400px) 100vw, 400px\" alt=\"\" width=\"400\" height=\"400\"  \/><span class=\"gallery-rollover\"><span class=\"gallery-zoom-ico icomoon-the7-font-the7-zoom-06\"><span><\/span><\/span><\/span><\/a><\/figure><\/div><div data-post-id=\"1513\" data-date=\"2023-09-14T10:48:52+00:00\" data-name=\"eff-eff\"><figure class=\"post\"><a href=\"https:\/\/godding.draft-box.de\/wp-content\/uploads\/2023\/09\/eff-eff.jpg\" class=\"rollover dt-pswp-item layzr-bg\" data-large_image_width=\"400\" data-large_image_height=\"400\" data-dt-img-description=\"\" title=\"eff-eff\"><img class=\"preload-me owl-lazy-load aspect\" src=\"data:image\/svg+xml,%3Csvg%20xmlns%3D&#39;http%3A%2F%2Fwww.w3.org%2F2000%2Fsvg&#39;%20viewBox%3D&#39;0%200%20400%20400&#39;%2F%3E\" data-src=\"https:\/\/godding.draft-box.de\/wp-content\/uploads\/2023\/09\/eff-eff.jpg\" data-srcset=\"https:\/\/godding.draft-box.de\/wp-content\/uploads\/2023\/09\/eff-eff.jpg 400w\" loading=\"eager\" style=\"--ratio: 400 \/ 400\" sizes=\"(max-width: 400px) 100vw, 400px\" alt=\"\" width=\"400\" height=\"400\"  \/><span class=\"gallery-rollover\"><span class=\"gallery-zoom-ico icomoon-the7-font-the7-zoom-06\"><span><\/span><\/span><\/span><\/a><\/figure><\/div><\/div>[\/vc_column][\/vc_row][vc_row type=&#8220;vc_default&#8220; full_width=&#8220;stretch_row&#8220; equal_height=&#8220;yes&#8220; content_placement=&#8220;middle&#8220; css=&#8220;.vc_custom_1694615245665{margin-bottom: -80px !important;padding-top: 40px !important;padding-bottom: 60px !important;background-color: #8f0000 !important;}&#8220;][vc_column width=&#8220;2\/3&#8243; offset=&#8220;vc_col-lg-8 vc_col-md-8 vc_col-xs-12&#8243;]<div id=\"ultimate-heading-390469f17a2112d03\" class=\"uvc-heading ult-adjust-bottom-margin ultimate-heading-390469f17a2112d03 uvc-1227 \" data-hspacer=\"no_spacer\"  data-halign=\"left\" style=\"text-align:left\"><div class=\"uvc-heading-spacer no_spacer\" style=\"top\"><\/div><div class=\"uvc-main-heading ult-responsive\"  data-ultimate-target='.uvc-heading.ultimate-heading-390469f17a2112d03 h2'  data-responsive-json-new='{\"font-size\":\"desktop:30px;\",\"line-height\":\"desktop:40px;\"}' ><h2 style=\"--font-weight:theme;color:#ffffff;margin-bottom:10px;\">Sie haben Fragen?<\/h2><\/div><div class=\"uvc-sub-heading ult-responsive\"  data-ultimate-target='.uvc-heading.ultimate-heading-390469f17a2112d03 .uvc-sub-heading '  data-responsive-json-new='{\"font-size\":\"desktop:17px;\",\"line-height\":\"desktop:27px;\"}'  style=\"font-weight:normal;color:#ffffff;\">Unser Team hilft Ihnen gerne weiter und hat immer ein offenes Ohr.<\/div><\/div>[\/vc_column][vc_column width=&#8220;1\/3&#8243; offset=&#8220;vc_col-lg-4 vc_col-md-4 vc_hidden-sm vc_col-xs-12 vc_hidden-xs&#8220;]<div class=\" vc_custom_1694615039869 ubtn-ctn-right \"><a class=\"ubtn-link ult-adjust-bottom-margin ubtn-right ubtn-custom \" href=\"https:\/\/godding.draft-box.de\/index.php\/kontakt\/\" ><button type=\"button\" id=\"ubtn-2521\"  class=\"ubtn ult-adjust-bottom-margin ult-responsive ubtn-custom ubtn-fade-bg  none  ubtn-right   tooltip-69f17a2112dde\"  data-hover=\"#8f0000\" data-border-color=\"rgba(255,255,255,0.4)\" data-bg=\"rgba(255,255,255,0.01)\" data-hover-bg=\"#ffffff\" data-border-hover=\"#ffffff\" data-shadow-hover=\"\" data-shadow-click=\"none\" data-shadow=\"\" data-shd-shadow=\"\"  data-ultimate-target='#ubtn-2521'  data-responsive-json-new='{\"font-size\":\"desktop:20px;\",\"line-height\":\"desktop:20px;\"}'  style=\"font-family:&#039;Montserrat&#039;;font-weight:700;width:px;min-height:36px;padding:15px 25px;border-radius:0px;border-width:4px;border-color:rgba(255,255,255,0.4);border-style:solid;background: rgba(255,255,255,0.01);color: #ffffff;\"><span class=\"ubtn-hover\" style=\"background-color:#ffffff\"><\/span><span class=\"ubtn-data ubtn-text \" >Jetzt Kontakt aufnehmen!<\/span><\/button><\/a><\/div>[\/vc_column][\/vc_row]<\/p>\n<\/section>","protected":false},"excerpt":{"rendered":"<p>[vc_row type=&#8220;vc_default&#8220; full_width=&#8220;stretch_row&#8220; css=&#8220;.vc_custom_1694686386057{padding-top: 3% !important;padding-bottom: 3% !important;}&#8220;][vc_column][vc_column_text] Ob Wohnung, Haus oder Industriebetrieb \u2013 wir liefern den passenden Einbruchschutz, Sicherung von Rettungswegen und Brandschutz \u2013 damit Sie und Ihre Wertgegenst\u00e4nde sicher sind. Sie erhalten bei uns mechanische Sicherungen f\u00fcr alle Arten von T\u00fcren und Fenster. Egal ob einfacher Schubriegel f\u00fcr Zusatzschl\u00f6sser, Querriegel oder Mehrfachverriegelungsschl\u00f6sser. [\/vc_column_text][\/vc_column][\/vc_row][vc_row&hellip;<\/p>\n","protected":false},"author":1,"featured_media":0,"parent":0,"menu_order":5,"comment_status":"closed","ping_status":"closed","template":"","meta":{"footnotes":""},"_links":{"self":[{"href":"https:\/\/godding.draft-box.de\/index.php\/wp-json\/wp\/v2\/pages\/1505"}],"collection":[{"href":"https:\/\/godding.draft-box.de\/index.php\/wp-json\/wp\/v2\/pages"}],"about":[{"href":"https:\/\/godding.draft-box.de\/index.php\/wp-json\/wp\/v2\/types\/page"}],"author":[{"embeddable":true,"href":"https:\/\/godding.draft-box.de\/index.php\/wp-json\/wp\/v2\/users\/1"}],"replies":[{"embeddable":true,"href":"https:\/\/godding.draft-box.de\/index.php\/wp-json\/wp\/v2\/comments?post=1505"}],"version-history":[{"count":11,"href":"https:\/\/godding.draft-box.de\/index.php\/wp-json\/wp\/v2\/pages\/1505\/revisions"}],"predecessor-version":[{"id":1722,"href":"https:\/\/godding.draft-box.de\/index.php\/wp-json\/wp\/v2\/pages\/1505\/revisions\/1722"}],"wp:attachment":[{"href":"https:\/\/godding.draft-box.de\/index.php\/wp-json\/wp\/v2\/media?parent=1505"}],"curies":[{"name":"wp","href":"https:\/\/api.w.org\/{rel}","templated":true}]}}